{"id":14538,"date":"2025-01-02T10:35:37","date_gmt":"2025-01-02T10:35:37","guid":{"rendered":"https:\/\/professionel.episaveur.com\/?post_type=product&#038;p=14538"},"modified":"2025-01-08T10:59:08","modified_gmt":"2025-01-08T10:59:08","slug":"cacahuete-caramelise-2","status":"publish","type":"product","link":"https:\/\/professionel.episaveur.com\/en\/product\/cacahuete-caramelise-2\/","title":{"rendered":"Cacahu\u00e8te caram\u00e9lis\u00e9"},"content":{"rendered":"","protected":false},"excerpt":{"rendered":"","protected":false},"featured_media":14572,"comment_status":"open","ping_status":"closed","template":"","meta":[],"product_brand":[],"product_cat":[309,297],"product_tag":[],"class_list":{"0":"post-14538","1":"product","2":"type-product","3":"status-publish","4":"has-post-thumbnail","6":"product_cat-minibar","7":"product_cat-noix-caramelisees-pro","9":"first","10":"instock","11":"shipping-taxable","12":"purchasable","13":"product-type-variable","14":"has-default-attributes"},"aioseo_notices":[],"_links":{"self":[{"href":"https:\/\/professionel.episaveur.com\/en\/wp-json\/wp\/v2\/product\/14538","targetHints":{"allow":["GET"]}}],"collection":[{"href":"https:\/\/professionel.episaveur.com\/en\/wp-json\/wp\/v2\/product"}],"about":[{"href":"https:\/\/professionel.episaveur.com\/en\/wp-json\/wp\/v2\/types\/product"}],"replies":[{"embeddable":true,"href":"https:\/\/professionel.episaveur.com\/en\/wp-json\/wp\/v2\/comments?post=14538"}],"wp:featuredmedia":[{"embeddable":true,"href":"https:\/\/professionel.episaveur.com\/en\/wp-json\/wp\/v2\/media\/14572"}],"wp:attachment":[{"href":"https:\/\/professionel.episaveur.com\/en\/wp-json\/wp\/v2\/media?parent=14538"}],"wp:term":[{"taxonomy":"product_brand","embeddable":true,"href":"https:\/\/professionel.episaveur.com\/en\/wp-json\/wp\/v2\/product_brand?post=14538"},{"taxonomy":"product_cat","embeddable":true,"href":"https:\/\/professionel.episaveur.com\/en\/wp-json\/wp\/v2\/product_cat?post=14538"},{"taxonomy":"product_tag","embeddable":true,"href":"https:\/\/professionel.episaveur.com\/en\/wp-json\/wp\/v2\/product_tag?post=14538"}],"curies":[{"name":"wp","href":"https:\/\/api.w.org\/{rel}","templated":true}]}}