{"id":13687,"date":"2024-12-03T16:15:02","date_gmt":"2024-12-03T16:15:02","guid":{"rendered":"https:\/\/professionel.episaveur.com\/?post_type=product&#038;p=13687"},"modified":"2025-03-03T12:43:25","modified_gmt":"2025-03-03T12:43:25","slug":"graines-de-courge","status":"publish","type":"product","link":"https:\/\/professionel.episaveur.com\/en\/product\/graines-de-courge\/","title":{"rendered":"Graines de Courge"},"content":{"rendered":"<p>Les graines de courges sont natures, elles ne sont ni grill\u00e9es, ni sal\u00e9es pour garder toute sa saveur et ses vertus pour la sant\u00e9.<\/p>","protected":false},"excerpt":{"rendered":"<p>Les graines de courges sont natures, elles ne sont ni grill\u00e9es, ni sal\u00e9es pour garder toute sa saveur et ses vertus pour la sant\u00e9.<\/p>","protected":false},"featured_media":14504,"comment_status":"open","ping_status":"closed","template":"","meta":[],"product_brand":[],"product_cat":[305],"product_tag":[],"class_list":{"0":"post-13687","1":"product","2":"type-product","3":"status-publish","4":"has-post-thumbnail","6":"product_cat-graines-bio-pro","8":"first","9":"instock","10":"shipping-taxable","11":"product-type-variable","12":"has-default-attributes"},"aioseo_notices":[],"_links":{"self":[{"href":"https:\/\/professionel.episaveur.com\/en\/wp-json\/wp\/v2\/product\/13687","targetHints":{"allow":["GET"]}}],"collection":[{"href":"https:\/\/professionel.episaveur.com\/en\/wp-json\/wp\/v2\/product"}],"about":[{"href":"https:\/\/professionel.episaveur.com\/en\/wp-json\/wp\/v2\/types\/product"}],"replies":[{"embeddable":true,"href":"https:\/\/professionel.episaveur.com\/en\/wp-json\/wp\/v2\/comments?post=13687"}],"wp:featuredmedia":[{"embeddable":true,"href":"https:\/\/professionel.episaveur.com\/en\/wp-json\/wp\/v2\/media\/14504"}],"wp:attachment":[{"href":"https:\/\/professionel.episaveur.com\/en\/wp-json\/wp\/v2\/media?parent=13687"}],"wp:term":[{"taxonomy":"product_brand","embeddable":true,"href":"https:\/\/professionel.episaveur.com\/en\/wp-json\/wp\/v2\/product_brand?post=13687"},{"taxonomy":"product_cat","embeddable":true,"href":"https:\/\/professionel.episaveur.com\/en\/wp-json\/wp\/v2\/product_cat?post=13687"},{"taxonomy":"product_tag","embeddable":true,"href":"https:\/\/professionel.episaveur.com\/en\/wp-json\/wp\/v2\/product_tag?post=13687"}],"curies":[{"name":"wp","href":"https:\/\/api.w.org\/{rel}","templated":true}]}}