{"id":13636,"date":"2024-12-03T15:58:23","date_gmt":"2024-12-03T15:58:23","guid":{"rendered":"https:\/\/professionel.episaveur.com\/?post_type=product&#038;p=13636"},"modified":"2024-12-03T16:02:07","modified_gmt":"2024-12-03T16:02:07","slug":"ananas-seches-%d8%a3%d9%86%d8%a7%d9%86%d8%a7%d8%b3-%d9%85%d8%ac%d9%81%d9%81","status":"publish","type":"product","link":"https:\/\/professionel.episaveur.com\/en\/product\/ananas-seches-%d8%a3%d9%86%d8%a7%d9%86%d8%a7%d8%b3-%d9%85%d8%ac%d9%81%d9%81\/","title":{"rendered":"Ananas S\u00e9ch\u00e9s (\u0623\u0646\u0627\u0646\u0627\u0633 \u0645\u062c\u0641\u0641)"},"content":{"rendered":"<p>Ananas S\u00e9ch\u00e9s \u00e0 d\u00e9guster tel quel comme une confiserie, l\u2019ananas est un fruit d\u00e9licieux qui poss\u00e8de de faibles calories.<\/p>\n<p>En plus des bienfaits du fruit,\u00a0l\u2019ananas s\u00e9ch\u00e9s contiennent jusqu\u2019\u00e0 5 fois plus de min\u00e9raux que l\u2019ananas frais\u00a0(potassium, calcium, magn\u00e9sium, fer).<\/p>\n<p>La concentration en fibres est aussi beaucoup plus importante ce qui aide l\u2019\u00e9limination du cholest\u00e9rol.<\/p>\n<p><strong>Valeurs nutritionnelles moyennes pour 100g d\u2019ananas:<\/strong><\/p>\n<ul>\n<li>\u00c9nergie1400 Kj \/ 335 Kcal<\/li>\n<li>Mati\u00e8res grasses 0.8 g<\/li>\n<li>Dont acides gras satur\u00e9s \u2013 g<\/li>\n<li>Glucides 85.4 g<\/li>\n<li>Dont sucres 74 g<\/li>\n<li>Prot\u00e9ines \u2013 g<\/li>\n<li>Sel 0.67 g<\/li>\n<\/ul>","protected":false},"excerpt":{"rendered":"<p>Ananas S\u00e9ch\u00e9s \u00e0 d\u00e9guster tel quel comme une confiserie, l\u2019ananas est un fruit d\u00e9licieux qui poss\u00e8de de faibles calories.<\/p>","protected":false},"featured_media":12639,"comment_status":"open","ping_status":"closed","template":"","meta":[],"product_brand":[],"product_cat":[304],"product_tag":[],"class_list":{"0":"post-13636","1":"product","2":"type-product","3":"status-publish","4":"has-post-thumbnail","6":"product_cat-fruits-confit-et-seches-pro","8":"first","9":"instock","10":"shipping-taxable","11":"purchasable","12":"product-type-variable"},"aioseo_notices":[],"_links":{"self":[{"href":"https:\/\/professionel.episaveur.com\/en\/wp-json\/wp\/v2\/product\/13636","targetHints":{"allow":["GET"]}}],"collection":[{"href":"https:\/\/professionel.episaveur.com\/en\/wp-json\/wp\/v2\/product"}],"about":[{"href":"https:\/\/professionel.episaveur.com\/en\/wp-json\/wp\/v2\/types\/product"}],"replies":[{"embeddable":true,"href":"https:\/\/professionel.episaveur.com\/en\/wp-json\/wp\/v2\/comments?post=13636"}],"wp:featuredmedia":[{"embeddable":true,"href":"https:\/\/professionel.episaveur.com\/en\/wp-json\/wp\/v2\/media\/12639"}],"wp:attachment":[{"href":"https:\/\/professionel.episaveur.com\/en\/wp-json\/wp\/v2\/media?parent=13636"}],"wp:term":[{"taxonomy":"product_brand","embeddable":true,"href":"https:\/\/professionel.episaveur.com\/en\/wp-json\/wp\/v2\/product_brand?post=13636"},{"taxonomy":"product_cat","embeddable":true,"href":"https:\/\/professionel.episaveur.com\/en\/wp-json\/wp\/v2\/product_cat?post=13636"},{"taxonomy":"product_tag","embeddable":true,"href":"https:\/\/professionel.episaveur.com\/en\/wp-json\/wp\/v2\/product_tag?post=13636"}],"curies":[{"name":"wp","href":"https:\/\/api.w.org\/{rel}","templated":true}]}}