{"id":13590,"date":"2024-12-03T15:42:26","date_gmt":"2024-12-03T15:42:26","guid":{"rendered":"https:\/\/professionel.episaveur.com\/?post_type=product&#038;p=13590"},"modified":"2024-12-03T15:43:54","modified_gmt":"2024-12-03T15:43:54","slug":"noix-decortiquees-2","status":"publish","type":"product","link":"https:\/\/professionel.episaveur.com\/en\/product\/noix-decortiquees-2\/","title":{"rendered":"Noix D\u00e9cortiqu\u00e9es"},"content":{"rendered":"","protected":false},"excerpt":{"rendered":"<p>Noix d\u00e9cortiqu\u00e9es naturelles, essentielles pour vos gout\u00e9s, salades et en soir\u00e9es.<\/p>","protected":false},"featured_media":12534,"comment_status":"open","ping_status":"closed","template":"","meta":[],"product_brand":[],"product_cat":[302],"product_tag":[],"class_list":{"0":"post-13590","1":"product","2":"type-product","3":"status-publish","4":"has-post-thumbnail","6":"product_cat-fruits-secs-pro","8":"first","9":"instock","10":"shipping-taxable","11":"purchasable","12":"product-type-variable"},"aioseo_notices":[],"_links":{"self":[{"href":"https:\/\/professionel.episaveur.com\/en\/wp-json\/wp\/v2\/product\/13590","targetHints":{"allow":["GET"]}}],"collection":[{"href":"https:\/\/professionel.episaveur.com\/en\/wp-json\/wp\/v2\/product"}],"about":[{"href":"https:\/\/professionel.episaveur.com\/en\/wp-json\/wp\/v2\/types\/product"}],"replies":[{"embeddable":true,"href":"https:\/\/professionel.episaveur.com\/en\/wp-json\/wp\/v2\/comments?post=13590"}],"wp:featuredmedia":[{"embeddable":true,"href":"https:\/\/professionel.episaveur.com\/en\/wp-json\/wp\/v2\/media\/12534"}],"wp:attachment":[{"href":"https:\/\/professionel.episaveur.com\/en\/wp-json\/wp\/v2\/media?parent=13590"}],"wp:term":[{"taxonomy":"product_brand","embeddable":true,"href":"https:\/\/professionel.episaveur.com\/en\/wp-json\/wp\/v2\/product_brand?post=13590"},{"taxonomy":"product_cat","embeddable":true,"href":"https:\/\/professionel.episaveur.com\/en\/wp-json\/wp\/v2\/product_cat?post=13590"},{"taxonomy":"product_tag","embeddable":true,"href":"https:\/\/professionel.episaveur.com\/en\/wp-json\/wp\/v2\/product_tag?post=13590"}],"curies":[{"name":"wp","href":"https:\/\/api.w.org\/{rel}","templated":true}]}}